{"id":4776,"date":"2021-10-25T16:39:42","date_gmt":"2021-10-25T14:39:42","guid":{"rendered":"https:\/\/truyol.com\/blog\/?page_id=4776"},"modified":"2023-09-14T09:47:49","modified_gmt":"2023-09-14T07:47:49","slug":"newsletter","status":"publish","type":"page","link":"https:\/\/truyol.com\/blog\/newsletter\/","title":{"rendered":""},"content":{"rendered":"\t\t<div data-elementor-type=\"wp-page\" data-elementor-id=\"4776\" class=\"elementor elementor-4776\">\n\t\t\t\t\t\t<section class=\"elementor-section elementor-top-section elementor-element elementor-element-3aef309 elementor-section-boxed elementor-section-height-default elementor-section-height-default\" data-id=\"3aef309\" data-element_type=\"section\">\n\t\t\t\t\t\t<div class=\"elementor-container elementor-column-gap-default\">\n\t\t\t\t\t<div class=\"elementor-column elementor-col-100 elementor-top-column elementor-element elementor-element-9530a08\" data-id=\"9530a08\" data-element_type=\"column\">\n\t\t\t<div class=\"elementor-widget-wrap elementor-element-populated\">\n\t\t\t\t\t\t<div class=\"elementor-element elementor-element-57a229f elementor-widget elementor-widget-text-editor\" data-id=\"57a229f\" data-element_type=\"widget\" data-widget_type=\"text-editor.default\">\n\t\t\t\t<div class=\"elementor-widget-container\">\n\t\t\t\t\t\t\t\t\t<p style=\"text-align: center;\">[mc4wp_form id=\u00bb4656&#8243;]<\/p>\t\t\t\t\t\t\t\t<\/div>\n\t\t\t\t<\/div>\n\t\t\t\t\t<\/div>\n\t\t<\/div>\n\t\t\t\t\t<\/div>\n\t\t<\/section>\n\t\t\t\t<\/div>\n\t\t","protected":false},"excerpt":{"rendered":"<p>[mc4wp_form id=\u00bb4656&#8243;]<\/p>\n","protected":false},"author":1,"featured_media":0,"parent":0,"menu_order":0,"comment_status":"closed","ping_status":"closed","template":"template-centered.php","meta":{"footnotes":""},"class_list":["post-4776","page","type-page","status-publish","hentry"],"yoast_head":"<!-- This site is optimized with the Yoast SEO Premium plugin v22.1 (Yoast SEO v26.8) - https:\/\/yoast.com\/product\/yoast-seo-premium-wordpress\/ -->\n<title>Recibe nuestra newsletter<\/title>\n<meta name=\"robots\" content=\"noindex, nofollow\" \/>\n<meta property=\"og:locale\" content=\"es_ES\" \/>\n<meta property=\"og:type\" content=\"article\" \/>\n<meta property=\"og:title\" content=\"Recibe nuestra newsletter\" \/>\n<meta property=\"og:description\" content=\"[mc4wp_form id=\u00bb4656&#8243;]\" \/>\n<meta property=\"og:url\" content=\"https:\/\/truyol.com\/blog\/newsletter\/\" \/>\n<meta property=\"og:site_name\" content=\"Blog Truyol\" \/>\n<meta property=\"article:publisher\" content=\"https:\/\/www.facebook.com\/TruyolDigital\/\" \/>\n<meta property=\"article:modified_time\" content=\"2023-09-14T07:47:49+00:00\" \/>\n<meta name=\"twitter:card\" content=\"summary_large_image\" \/>\n<meta name=\"twitter:site\" content=\"@truyoldigital\" \/>\n<meta name=\"twitter:label1\" content=\"Tiempo de lectura\" \/>\n\t<meta name=\"twitter:data1\" content=\"1 minuto\" \/>\n<script type=\"application\/ld+json\" class=\"yoast-schema-graph\">{\"@context\":\"https:\/\/schema.org\",\"@graph\":[{\"@type\":\"WebPage\",\"@id\":\"https:\/\/truyol.com\/blog\/newsletter\/\",\"url\":\"https:\/\/truyol.com\/blog\/newsletter\/\",\"name\":\"Recibe nuestra newsletter\",\"isPartOf\":{\"@id\":\"https:\/\/truyol.com\/blog\/#website\"},\"datePublished\":\"2021-10-25T14:39:42+00:00\",\"dateModified\":\"2023-09-14T07:47:49+00:00\",\"inLanguage\":\"es\",\"potentialAction\":[{\"@type\":\"ReadAction\",\"target\":[\"https:\/\/truyol.com\/blog\/newsletter\/\"]}]},{\"@type\":\"WebSite\",\"@id\":\"https:\/\/truyol.com\/blog\/#website\",\"url\":\"https:\/\/truyol.com\/blog\/\",\"name\":\"Blog Truyol\",\"description\":\"Todo lo que puedes hacer con impresi\u00f3n digital\",\"publisher\":{\"@id\":\"https:\/\/truyol.com\/blog\/#organization\"},\"alternateName\":\"Blog de Dise\u00f1o Editorial, Branding, Packaging y m\u00e1s\",\"potentialAction\":[{\"@type\":\"SearchAction\",\"target\":{\"@type\":\"EntryPoint\",\"urlTemplate\":\"https:\/\/truyol.com\/blog\/?s={search_term_string}\"},\"query-input\":{\"@type\":\"PropertyValueSpecification\",\"valueRequired\":true,\"valueName\":\"search_term_string\"}}],\"inLanguage\":\"es\"},{\"@type\":\"Organization\",\"@id\":\"https:\/\/truyol.com\/blog\/#organization\",\"name\":\"Truyol Digital\",\"alternateName\":\"Blog de Impresi\u00f3n Digital, Dise\u00f1o Editorial, Branding, Packaging y m\u00e1s\",\"url\":\"https:\/\/truyol.com\/blog\/\",\"logo\":{\"@type\":\"ImageObject\",\"inLanguage\":\"es\",\"@id\":\"https:\/\/truyol.com\/blog\/#\/schema\/logo\/image\/\",\"url\":\"https:\/\/truyol.com\/blog\/wp-content\/uploads\/2025\/12\/logo-truyol.png\",\"contentUrl\":\"https:\/\/truyol.com\/blog\/wp-content\/uploads\/2025\/12\/logo-truyol.png\",\"width\":130,\"height\":32,\"caption\":\"Truyol Digital\"},\"image\":{\"@id\":\"https:\/\/truyol.com\/blog\/#\/schema\/logo\/image\/\"},\"sameAs\":[\"https:\/\/www.facebook.com\/TruyolDigital\/\",\"https:\/\/x.com\/truyoldigital\",\"https:\/\/www.instagram.com\/truyoldigital\/\",\"https:\/\/www.linkedin.com\/company\/truyoldigital\",\"https:\/\/www.youtube.com\/channel\/UCyVYR3cNfP0HIONCwxSGplA\"]}]}<\/script>\n<!-- \/ Yoast SEO Premium plugin. -->","yoast_head_json":{"title":"Recibe nuestra newsletter","robots":{"index":"noindex","follow":"nofollow"},"og_locale":"es_ES","og_type":"article","og_title":"Recibe nuestra newsletter","og_description":"[mc4wp_form id=\u00bb4656&#8243;]","og_url":"https:\/\/truyol.com\/blog\/newsletter\/","og_site_name":"Blog Truyol","article_publisher":"https:\/\/www.facebook.com\/TruyolDigital\/","article_modified_time":"2023-09-14T07:47:49+00:00","twitter_card":"summary_large_image","twitter_site":"@truyoldigital","twitter_misc":{"Tiempo de lectura":"1 minuto"},"schema":{"@context":"https:\/\/schema.org","@graph":[{"@type":"WebPage","@id":"https:\/\/truyol.com\/blog\/newsletter\/","url":"https:\/\/truyol.com\/blog\/newsletter\/","name":"Recibe nuestra newsletter","isPartOf":{"@id":"https:\/\/truyol.com\/blog\/#website"},"datePublished":"2021-10-25T14:39:42+00:00","dateModified":"2023-09-14T07:47:49+00:00","inLanguage":"es","potentialAction":[{"@type":"ReadAction","target":["https:\/\/truyol.com\/blog\/newsletter\/"]}]},{"@type":"WebSite","@id":"https:\/\/truyol.com\/blog\/#website","url":"https:\/\/truyol.com\/blog\/","name":"Blog Truyol","description":"Todo lo que puedes hacer con impresi\u00f3n digital","publisher":{"@id":"https:\/\/truyol.com\/blog\/#organization"},"alternateName":"Blog de Dise\u00f1o Editorial, Branding, Packaging y m\u00e1s","potentialAction":[{"@type":"SearchAction","target":{"@type":"EntryPoint","urlTemplate":"https:\/\/truyol.com\/blog\/?s={search_term_string}"},"query-input":{"@type":"PropertyValueSpecification","valueRequired":true,"valueName":"search_term_string"}}],"inLanguage":"es"},{"@type":"Organization","@id":"https:\/\/truyol.com\/blog\/#organization","name":"Truyol Digital","alternateName":"Blog de Impresi\u00f3n Digital, Dise\u00f1o Editorial, Branding, Packaging y m\u00e1s","url":"https:\/\/truyol.com\/blog\/","logo":{"@type":"ImageObject","inLanguage":"es","@id":"https:\/\/truyol.com\/blog\/#\/schema\/logo\/image\/","url":"https:\/\/truyol.com\/blog\/wp-content\/uploads\/2025\/12\/logo-truyol.png","contentUrl":"https:\/\/truyol.com\/blog\/wp-content\/uploads\/2025\/12\/logo-truyol.png","width":130,"height":32,"caption":"Truyol Digital"},"image":{"@id":"https:\/\/truyol.com\/blog\/#\/schema\/logo\/image\/"},"sameAs":["https:\/\/www.facebook.com\/TruyolDigital\/","https:\/\/x.com\/truyoldigital","https:\/\/www.instagram.com\/truyoldigital\/","https:\/\/www.linkedin.com\/company\/truyoldigital","https:\/\/www.youtube.com\/channel\/UCyVYR3cNfP0HIONCwxSGplA"]}]}},"_links":{"self":[{"href":"https:\/\/truyol.com/blog\/wp-json\/wp\/v2\/pages\/4776","targetHints":{"allow":["GET"]}}],"collection":[{"href":"https:\/\/truyol.com/blog\/wp-json\/wp\/v2\/pages"}],"about":[{"href":"https:\/\/truyol.com/blog\/wp-json\/wp\/v2\/types\/page"}],"author":[{"embeddable":true,"href":"https:\/\/truyol.com/blog\/wp-json\/wp\/v2\/users\/1"}],"replies":[{"embeddable":true,"href":"https:\/\/truyol.com/blog\/wp-json\/wp\/v2\/comments?post=4776"}],"version-history":[{"count":14,"href":"https:\/\/truyol.com/blog\/wp-json\/wp\/v2\/pages\/4776\/revisions"}],"predecessor-version":[{"id":4790,"href":"https:\/\/truyol.com/blog\/wp-json\/wp\/v2\/pages\/4776\/revisions\/4790"}],"wp:attachment":[{"href":"https:\/\/truyol.com/blog\/wp-json\/wp\/v2\/media?parent=4776"}],"curies":[{"name":"wp","href":"https:\/\/api.w.org\/{rel}","templated":true}]}}